{"id":163,"date":"2021-10-28T16:07:42","date_gmt":"2021-10-28T16:07:42","guid":{"rendered":"https:\/\/losreyesmichoacan.gob.mx\/?page_id=163"},"modified":"2023-07-25T15:02:57","modified_gmt":"2023-07-25T15:02:57","slug":"noticias","status":"publish","type":"page","link":"https:\/\/losreyesmichoacan.gob.mx\/h2124\/index.php\/noticias\/","title":{"rendered":"Noticias"},"content":{"rendered":"<div class=\"pt-cv-wrapper\"><div class=\"pt-cv-view pt-cv-grid pt-cv-colsys\" id=\"pt-cv-view-2a1685ceq3\"><div data-id=\"pt-cv-page-1\" class=\"pt-cv-page\" data-cvc=\"1\"><div class=\"col-md-12 col-sm-6 col-xs-12 pt-cv-content-item pt-cv-2-col\" ><div class='pt-cv-ifield'><a href=\"https:\/\/losreyesmichoacan.gob.mx\/h2124\/index.php\/2024\/08\/28\/feliz-dia-del-abuelo\/\" class=\"_self pt-cv-href-thumbnail pt-cv-thumb-left\" target=\"_self\" ><img loading=\"lazy\" decoding=\"async\" width=\"150\" height=\"300\" src=\"https:\/\/losreyesmichoacan.gob.mx\/h2124\/wp-content\/uploads\/2024\/08\/WhatsApp-Image-2024-08-28-at-9.55.27-AM-150x300.jpeg\" class=\"pt-cv-thumbnail pull-left\" alt=\"\" srcset=\"https:\/\/losreyesmichoacan.gob.mx\/h2124\/wp-content\/uploads\/2024\/08\/WhatsApp-Image-2024-08-28-at-9.55.27-AM-150x300.jpeg 150w, https:\/\/losreyesmichoacan.gob.mx\/h2124\/wp-content\/uploads\/2024\/08\/WhatsApp-Image-2024-08-28-at-9.55.27-AM-510x1024.jpeg 510w, https:\/\/losreyesmichoacan.gob.mx\/h2124\/wp-content\/uploads\/2024\/08\/WhatsApp-Image-2024-08-28-at-9.55.27-AM.jpeg 638w\" sizes=\"auto, (max-width: 150px) 100vw, 150px\" \/><\/a>\n<h3 class=\"pt-cv-title\"><a href=\"https:\/\/losreyesmichoacan.gob.mx\/h2124\/index.php\/2024\/08\/28\/feliz-dia-del-abuelo\/\" class=\"_self\" target=\"_self\" >Feliz d\u00eda del abuelo<\/a><\/h3>\n<div class=\"pt-cv-content\"> ...<br \/><div class=\"pt-cv-rmwrap\"><a href=\"https:\/\/losreyesmichoacan.gob.mx\/h2124\/index.php\/2024\/08\/28\/feliz-dia-del-abuelo\/\" class=\"_self pt-cv-readmore btn btn-success\" target=\"_self\">Leer M\u00e1s<\/a><\/div><\/div><\/div><\/div>\n<div class=\"col-md-12 col-sm-6 col-xs-12 pt-cv-content-item pt-cv-2-col\" ><div class='pt-cv-ifield'><a href=\"https:\/\/losreyesmichoacan.gob.mx\/h2124\/index.php\/2024\/07\/05\/a-mantener-vivos-los-valores-de-honestidad-respeto-y-empatia-llamo-paco-oregel-a-los-egresados-del-cobaem-los-reyes\/\" class=\"_self pt-cv-href-thumbnail pt-cv-thumb-left\" target=\"_self\" ><img loading=\"lazy\" decoding=\"async\" width=\"300\" height=\"169\" src=\"https:\/\/losreyesmichoacan.gob.mx\/h2124\/wp-content\/uploads\/2024\/07\/WhatsApp-Image-2024-07-05-at-5.46.41-PM-300x169.jpeg\" class=\"pt-cv-thumbnail pull-left\" alt=\"\" srcset=\"https:\/\/losreyesmichoacan.gob.mx\/h2124\/wp-content\/uploads\/2024\/07\/WhatsApp-Image-2024-07-05-at-5.46.41-PM-300x169.jpeg 300w, https:\/\/losreyesmichoacan.gob.mx\/h2124\/wp-content\/uploads\/2024\/07\/WhatsApp-Image-2024-07-05-at-5.46.41-PM-1024x576.jpeg 1024w, https:\/\/losreyesmichoacan.gob.mx\/h2124\/wp-content\/uploads\/2024\/07\/WhatsApp-Image-2024-07-05-at-5.46.41-PM-768x432.jpeg 768w, https:\/\/losreyesmichoacan.gob.mx\/h2124\/wp-content\/uploads\/2024\/07\/WhatsApp-Image-2024-07-05-at-5.46.41-PM-1536x863.jpeg 1536w, https:\/\/losreyesmichoacan.gob.mx\/h2124\/wp-content\/uploads\/2024\/07\/WhatsApp-Image-2024-07-05-at-5.46.41-PM-2048x1151.jpeg 2048w\" sizes=\"auto, (max-width: 300px) 100vw, 300px\" \/><\/a>\n<h3 class=\"pt-cv-title\"><a href=\"https:\/\/losreyesmichoacan.gob.mx\/h2124\/index.php\/2024\/07\/05\/a-mantener-vivos-los-valores-de-honestidad-respeto-y-empatia-llamo-paco-oregel-a-los-egresados-del-cobaem-los-reyes\/\" class=\"_self\" target=\"_self\" >A mantener vivos los valores de honestidad, respeto y empat\u00eda, llam\u00f3 Paco Oregel a los egresados del Cobaem Los Reyes<\/a><\/h3>\n<div class=\"pt-cv-content\"><strong>-El alcalde presidi\u00f3 la ceremonia de clausura del ciclo escolar <\/strong><strong>y la graduaci\u00f3n de 295 j\u00f3venes de la generaci\u00f3n 2021-2024<\/strong> <strong>\u00a0 LOS REYES, MICH.-<\/strong> \u201cEl mundo demanda creatividad, adaptabilidad y ...<br \/><div class=\"pt-cv-rmwrap\"><a href=\"https:\/\/losreyesmichoacan.gob.mx\/h2124\/index.php\/2024\/07\/05\/a-mantener-vivos-los-valores-de-honestidad-respeto-y-empatia-llamo-paco-oregel-a-los-egresados-del-cobaem-los-reyes\/\" class=\"_self pt-cv-readmore btn btn-success\" target=\"_self\">Leer M\u00e1s<\/a><\/div><\/div><\/div><\/div>\n<div class=\"col-md-12 col-sm-6 col-xs-12 pt-cv-content-item pt-cv-2-col\" ><div class='pt-cv-ifield'><a href=\"https:\/\/losreyesmichoacan.gob.mx\/h2124\/index.php\/2024\/07\/04\/clausura-paco-oregel-ciclo-escolar-2023-2024-en-el-cobaem-plantel-pamatacuaro\/\" class=\"_self pt-cv-href-thumbnail pt-cv-thumb-left\" target=\"_self\" ><img loading=\"lazy\" decoding=\"async\" width=\"300\" height=\"195\" src=\"https:\/\/losreyesmichoacan.gob.mx\/h2124\/wp-content\/uploads\/2024\/07\/WhatsApp-Image-2024-07-04-at-4.32.49-PM-300x195.jpeg\" class=\"pt-cv-thumbnail pull-left\" alt=\"\" srcset=\"https:\/\/losreyesmichoacan.gob.mx\/h2124\/wp-content\/uploads\/2024\/07\/WhatsApp-Image-2024-07-04-at-4.32.49-PM-300x195.jpeg 300w, https:\/\/losreyesmichoacan.gob.mx\/h2124\/wp-content\/uploads\/2024\/07\/WhatsApp-Image-2024-07-04-at-4.32.49-PM-1024x665.jpeg 1024w, https:\/\/losreyesmichoacan.gob.mx\/h2124\/wp-content\/uploads\/2024\/07\/WhatsApp-Image-2024-07-04-at-4.32.49-PM-768x499.jpeg 768w, https:\/\/losreyesmichoacan.gob.mx\/h2124\/wp-content\/uploads\/2024\/07\/WhatsApp-Image-2024-07-04-at-4.32.49-PM-1536x998.jpeg 1536w, https:\/\/losreyesmichoacan.gob.mx\/h2124\/wp-content\/uploads\/2024\/07\/WhatsApp-Image-2024-07-04-at-4.32.49-PM-2048x1330.jpeg 2048w\" sizes=\"auto, (max-width: 300px) 100vw, 300px\" \/><\/a>\n<h3 class=\"pt-cv-title\"><a href=\"https:\/\/losreyesmichoacan.gob.mx\/h2124\/index.php\/2024\/07\/04\/clausura-paco-oregel-ciclo-escolar-2023-2024-en-el-cobaem-plantel-pamatacuaro\/\" class=\"_self\" target=\"_self\" >Clausura Paco Oregel, ciclo escolar 2023- 2024 en el Cobaem plantel Pamat\u00e1cuaro<\/a><\/h3>\n<div class=\"pt-cv-content\"><strong>-El alcalde invit\u00f3 a los 51 graduados a <\/strong><strong>seguir dando el mayor de sus esfuerzos<\/strong> <strong>PAMAT\u00c1CUARO, MPIO. DE\u00a0 LOS REYES, MICH.-<\/strong> Con un llamado a continuar dando lo mejor de ...<br \/><div class=\"pt-cv-rmwrap\"><a href=\"https:\/\/losreyesmichoacan.gob.mx\/h2124\/index.php\/2024\/07\/04\/clausura-paco-oregel-ciclo-escolar-2023-2024-en-el-cobaem-plantel-pamatacuaro\/\" class=\"_self pt-cv-readmore btn btn-success\" target=\"_self\">Leer M\u00e1s<\/a><\/div><\/div><\/div><\/div>\n<div class=\"col-md-12 col-sm-6 col-xs-12 pt-cv-content-item pt-cv-2-col\" ><div class='pt-cv-ifield'><a href=\"https:\/\/losreyesmichoacan.gob.mx\/h2124\/index.php\/2024\/07\/03\/proceso-de-elaboracion-del-programa-municipal-de-desarrollo-urbano-de-los-reyes-michoacan\/\" class=\"_self pt-cv-href-thumbnail pt-cv-thumb-left\" target=\"_self\" ><img loading=\"lazy\" decoding=\"async\" width=\"300\" height=\"211\" src=\"https:\/\/losreyesmichoacan.gob.mx\/h2124\/wp-content\/uploads\/2024\/07\/Logo_INFONAVIT-300x211.png\" class=\"pt-cv-thumbnail pull-left\" alt=\"\" srcset=\"https:\/\/losreyesmichoacan.gob.mx\/h2124\/wp-content\/uploads\/2024\/07\/Logo_INFONAVIT-300x211.png 300w, https:\/\/losreyesmichoacan.gob.mx\/h2124\/wp-content\/uploads\/2024\/07\/Logo_INFONAVIT-1024x721.png 1024w, https:\/\/losreyesmichoacan.gob.mx\/h2124\/wp-content\/uploads\/2024\/07\/Logo_INFONAVIT-768x541.png 768w, https:\/\/losreyesmichoacan.gob.mx\/h2124\/wp-content\/uploads\/2024\/07\/Logo_INFONAVIT-1536x1082.png 1536w, https:\/\/losreyesmichoacan.gob.mx\/h2124\/wp-content\/uploads\/2024\/07\/Logo_INFONAVIT-2048x1442.png 2048w\" sizes=\"auto, (max-width: 300px) 100vw, 300px\" \/><\/a>\n<h3 class=\"pt-cv-title\"><a href=\"https:\/\/losreyesmichoacan.gob.mx\/h2124\/index.php\/2024\/07\/03\/proceso-de-elaboracion-del-programa-municipal-de-desarrollo-urbano-de-los-reyes-michoacan\/\" class=\"_self\" target=\"_self\" >Modificaci\u00f3n Total (Actualizaci\u00f3n) del Programa Municipal de Desarrollo Urbano de Los Reyes,\u00a0Michoac\u00e1n<\/a><\/h3>\n<div class=\"pt-cv-content\">Por este conducto y de conformidad con los art\u00edculos 28 y 30 de la Ley General de Asentamientos Humanos, Ordenamiento Territorial y Desarrollo Urbano; y, 91 fracci\u00f3n IV del C\u00f3digo ...<br \/><div class=\"pt-cv-rmwrap\"><a href=\"https:\/\/losreyesmichoacan.gob.mx\/h2124\/index.php\/2024\/07\/03\/proceso-de-elaboracion-del-programa-municipal-de-desarrollo-urbano-de-los-reyes-michoacan\/\" class=\"_self pt-cv-readmore btn btn-success\" target=\"_self\">Leer M\u00e1s<\/a><\/div><\/div><\/div><\/div><\/div><\/div>\n<div class=\" pt-cv-pagination-wrapper\"><ul class=\"pt-cv-pagination pt-cv-ajax pagination\" data-totalpages=\"3\" data-currentpage=\"1\" data-sid=\"2a1685ceq3\" data-unid=\"\" data-isblock=\"\" data-postid=\"\"><li class=\"active\"><a href=\"#\">1<\/a><\/li>\n\t<li ><a class=\"\" href=\"https:\/\/losreyesmichoacan.gob.mx\/h2124\/index.php\/wp-json\/wp\/v2\/pages\/163\/?_page=2\">2<\/a><\/li>\n\t<li ><a class=\"\" href=\"https:\/\/losreyesmichoacan.gob.mx\/h2124\/index.php\/wp-json\/wp\/v2\/pages\/163\/?_page=3\">3<\/a><\/li>\n\t<li ><a class=\" \" href=\"https:\/\/losreyesmichoacan.gob.mx\/h2124\/index.php\/wp-json\/wp\/v2\/pages\/163\/?_page=2\">&rsaquo;<\/a><\/li>\n\t<\/ul><img loading=\"lazy\" decoding=\"async\" width=\"15\" height=\"15\" class=\"pt-cv-spinner\" alt=\"Cargando...\" src=\"data:image\/gif;base64,R0lGODlhDwAPALMPAMrKygwMDJOTkz09PZWVla+vr3p6euTk5M7OzuXl5TMzMwAAAJmZmWZmZszMzP\/\/\/yH\/C05FVFNDQVBFMi4wAwEAAAAh+QQFCgAPACwAAAAADwAPAAAEQvDJaZaZOIcV8iQK8VRX4iTYoAwZ4iCYoAjZ4RxejhVNoT+mRGP4cyF4Pp0N98sBGIBMEMOotl6YZ3S61Bmbkm4mAgAh+QQFCgAPACwAAAAADQANAAAENPDJSRSZeA418itN8QiK8BiLITVsFiyBBIoYqnoewAD4xPw9iY4XLGYSjkQR4UAUD45DLwIAIfkEBQoADwAsAAAAAA8ACQAABC\/wyVlamTi3nSdgwFNdhEJgTJoNyoB9ISYoQmdjiZPcj7EYCAeCF1gEDo4Dz2eIAAAh+QQFCgAPACwCAAAADQANAAAEM\/DJBxiYeLKdX3IJZT1FU0iIg2RNKx3OkZVnZ98ToRD4MyiDnkAh6BkNC0MvsAj0kMpHBAAh+QQFCgAPACwGAAAACQAPAAAEMDC59KpFDll73HkAA2wVY5KgiK5b0RRoI6MuzG6EQqCDMlSGheEhUAgqgUUAFRySIgAh+QQFCgAPACwCAAIADQANAAAEM\/DJKZNLND\/kkKaHc3xk+QAMYDKsiaqmZCxGVjSFFCxB1vwy2oOgIDxuucxAMTAJFAJNBAAh+QQFCgAPACwAAAYADwAJAAAEMNAs86q1yaWwwv2Ig0jUZx3OYa4XoRAfwADXoAwfo1+CIjyFRuEho60aSNYlOPxEAAAh+QQFCgAPACwAAAIADQANAAAENPA9s4y8+IUVcqaWJ4qEQozSoAzoIyhCK2NFU2SJk0hNnyEOhKR2AzAAj4Pj4GE4W0bkJQIAOw==\" \/><div class=\"clear pt-cv-clear-pagination\"><\/div><\/div><\/div>\n","protected":false},"excerpt":{"rendered":"","protected":false},"author":1,"featured_media":0,"parent":0,"menu_order":0,"comment_status":"closed","ping_status":"closed","template":"template-fullwidth.php","meta":{"footnotes":""},"class_list":["post-163","page","type-page","status-publish","hentry"],"yoast_head":"<!-- This site is optimized with the Yoast SEO plugin v27.3 - https:\/\/yoast.com\/product\/yoast-seo-wordpress\/ -->\n<title>Noticias -<\/title>\n<meta name=\"robots\" content=\"index, follow, max-snippet:-1, max-image-preview:large, max-video-preview:-1\" \/>\n<link rel=\"canonical\" href=\"https:\/\/losreyesmichoacan.gob.mx\/h2124\/index.php\/noticias\/\" \/>\n<meta property=\"og:locale\" content=\"es_ES\" \/>\n<meta property=\"og:type\" content=\"article\" \/>\n<meta property=\"og:title\" content=\"Noticias -\" \/>\n<meta property=\"og:url\" content=\"https:\/\/losreyesmichoacan.gob.mx\/h2124\/index.php\/noticias\/\" \/>\n<meta property=\"article:modified_time\" content=\"2023-07-25T15:02:57+00:00\" \/>\n<meta name=\"twitter:card\" content=\"summary_large_image\" \/>\n<script type=\"application\/ld+json\" class=\"yoast-schema-graph\">{\"@context\":\"https:\\\/\\\/schema.org\",\"@graph\":[{\"@type\":\"WebPage\",\"@id\":\"https:\\\/\\\/losreyesmichoacan.gob.mx\\\/h2124\\\/index.php\\\/noticias\\\/\",\"url\":\"https:\\\/\\\/losreyesmichoacan.gob.mx\\\/h2124\\\/index.php\\\/noticias\\\/\",\"name\":\"Noticias -\",\"isPartOf\":{\"@id\":\"https:\\\/\\\/losreyesmichoacan.gob.mx\\\/h2124\\\/#website\"},\"datePublished\":\"2021-10-28T16:07:42+00:00\",\"dateModified\":\"2023-07-25T15:02:57+00:00\",\"breadcrumb\":{\"@id\":\"https:\\\/\\\/losreyesmichoacan.gob.mx\\\/h2124\\\/index.php\\\/noticias\\\/#breadcrumb\"},\"inLanguage\":\"es\",\"potentialAction\":[{\"@type\":\"ReadAction\",\"target\":[\"https:\\\/\\\/losreyesmichoacan.gob.mx\\\/h2124\\\/index.php\\\/noticias\\\/\"]}]},{\"@type\":\"BreadcrumbList\",\"@id\":\"https:\\\/\\\/losreyesmichoacan.gob.mx\\\/h2124\\\/index.php\\\/noticias\\\/#breadcrumb\",\"itemListElement\":[{\"@type\":\"ListItem\",\"position\":1,\"name\":\"Portada\",\"item\":\"https:\\\/\\\/losreyesmichoacan.gob.mx\\\/h2124\\\/\"},{\"@type\":\"ListItem\",\"position\":2,\"name\":\"Noticias\"}]},{\"@type\":\"WebSite\",\"@id\":\"https:\\\/\\\/losreyesmichoacan.gob.mx\\\/h2124\\\/#website\",\"url\":\"https:\\\/\\\/losreyesmichoacan.gob.mx\\\/h2124\\\/\",\"name\":\"\",\"description\":\"\",\"potentialAction\":[{\"@type\":\"SearchAction\",\"target\":{\"@type\":\"EntryPoint\",\"urlTemplate\":\"https:\\\/\\\/losreyesmichoacan.gob.mx\\\/h2124\\\/?s={search_term_string}\"},\"query-input\":{\"@type\":\"PropertyValueSpecification\",\"valueRequired\":true,\"valueName\":\"search_term_string\"}}],\"inLanguage\":\"es\"}]}<\/script>\n<!-- \/ Yoast SEO plugin. -->","yoast_head_json":{"title":"Noticias -","robots":{"index":"index","follow":"follow","max-snippet":"max-snippet:-1","max-image-preview":"max-image-preview:large","max-video-preview":"max-video-preview:-1"},"canonical":"https:\/\/losreyesmichoacan.gob.mx\/h2124\/index.php\/noticias\/","og_locale":"es_ES","og_type":"article","og_title":"Noticias -","og_url":"https:\/\/losreyesmichoacan.gob.mx\/h2124\/index.php\/noticias\/","article_modified_time":"2023-07-25T15:02:57+00:00","twitter_card":"summary_large_image","schema":{"@context":"https:\/\/schema.org","@graph":[{"@type":"WebPage","@id":"https:\/\/losreyesmichoacan.gob.mx\/h2124\/index.php\/noticias\/","url":"https:\/\/losreyesmichoacan.gob.mx\/h2124\/index.php\/noticias\/","name":"Noticias -","isPartOf":{"@id":"https:\/\/losreyesmichoacan.gob.mx\/h2124\/#website"},"datePublished":"2021-10-28T16:07:42+00:00","dateModified":"2023-07-25T15:02:57+00:00","breadcrumb":{"@id":"https:\/\/losreyesmichoacan.gob.mx\/h2124\/index.php\/noticias\/#breadcrumb"},"inLanguage":"es","potentialAction":[{"@type":"ReadAction","target":["https:\/\/losreyesmichoacan.gob.mx\/h2124\/index.php\/noticias\/"]}]},{"@type":"BreadcrumbList","@id":"https:\/\/losreyesmichoacan.gob.mx\/h2124\/index.php\/noticias\/#breadcrumb","itemListElement":[{"@type":"ListItem","position":1,"name":"Portada","item":"https:\/\/losreyesmichoacan.gob.mx\/h2124\/"},{"@type":"ListItem","position":2,"name":"Noticias"}]},{"@type":"WebSite","@id":"https:\/\/losreyesmichoacan.gob.mx\/h2124\/#website","url":"https:\/\/losreyesmichoacan.gob.mx\/h2124\/","name":"","description":"","potentialAction":[{"@type":"SearchAction","target":{"@type":"EntryPoint","urlTemplate":"https:\/\/losreyesmichoacan.gob.mx\/h2124\/?s={search_term_string}"},"query-input":{"@type":"PropertyValueSpecification","valueRequired":true,"valueName":"search_term_string"}}],"inLanguage":"es"}]}},"_links":{"self":[{"href":"https:\/\/losreyesmichoacan.gob.mx\/h2124\/index.php\/wp-json\/wp\/v2\/pages\/163","targetHints":{"allow":["GET"]}}],"collection":[{"href":"https:\/\/losreyesmichoacan.gob.mx\/h2124\/index.php\/wp-json\/wp\/v2\/pages"}],"about":[{"href":"https:\/\/losreyesmichoacan.gob.mx\/h2124\/index.php\/wp-json\/wp\/v2\/types\/page"}],"author":[{"embeddable":true,"href":"https:\/\/losreyesmichoacan.gob.mx\/h2124\/index.php\/wp-json\/wp\/v2\/users\/1"}],"replies":[{"embeddable":true,"href":"https:\/\/losreyesmichoacan.gob.mx\/h2124\/index.php\/wp-json\/wp\/v2\/comments?post=163"}],"version-history":[{"count":3,"href":"https:\/\/losreyesmichoacan.gob.mx\/h2124\/index.php\/wp-json\/wp\/v2\/pages\/163\/revisions"}],"predecessor-version":[{"id":3676,"href":"https:\/\/losreyesmichoacan.gob.mx\/h2124\/index.php\/wp-json\/wp\/v2\/pages\/163\/revisions\/3676"}],"wp:attachment":[{"href":"https:\/\/losreyesmichoacan.gob.mx\/h2124\/index.php\/wp-json\/wp\/v2\/media?parent=163"}],"curies":[{"name":"wp","href":"https:\/\/api.w.org\/{rel}","templated":true}]}}